{"id":675,"date":"2019-12-28T20:25:14","date_gmt":"2019-12-28T20:25:14","guid":{"rendered":"https:\/\/www.dryalcinozsoy.com\/?page_id=675"},"modified":"2019-12-28T20:26:57","modified_gmt":"2019-12-28T20:26:57","slug":"departments","status":"publish","type":"page","link":"https:\/\/www.dryalcinozsoy.com\/en\/departments\/","title":{"rendered":"Departments"},"content":{"rendered":"<p><section class=\"kc-elm kc-css-373235 kc_row\"><div class=\"kc-row-container  kc-container\"><div class=\"kc-wrap-columns\"><div class=\"kc-elm kc-css-745573 kc_col-sm-12 kc_column kc_col-sm-12\"><div class=\"kc-col-container\"><div class=\"row\"><div class=\"col-md-12\"><h1 class=\"heading-title\">Departments<\/h1><h4 class=\"sub-title mb30\">What treatment you looking<\/h4><\/div><\/div><div class=\"row\">\n    <div class=\"col-lg-3 col-md-3\">\n        <ul class=\"department-list\" role=\"tablist\">\n                         <li role=\"presentation\" class=\" active\"><a href=\"#otoloji_lefttabs_\" aria-controls=\"otoloji_lefttabs_\" role=\"tab\" data-toggle=\"tab\"><i class=\"iconmed-otology\"><\/i>Otoloji<\/a><\/li>                               \n                        <li role=\"presentation\" class=\"\"><a href=\"#estetik_lefttabs_\" aria-controls=\"estetik_lefttabs_\" role=\"tab\" data-toggle=\"tab\"><i class=\"iconmed-hepatology\"><\/i>Estetik<\/a><\/li>                               \n                        <li role=\"presentation\" class=\"\"><a href=\"#bas-ve-boyun-hastaliklari_lefttabs_\" aria-controls=\"bas-ve-boyun-hastaliklari_lefttabs_\" role=\"tab\" data-toggle=\"tab\"><i class=\"iconmed-gynecology\"><\/i>Ba\u015f ve Boyun Hastal\u0131klar\u0131<\/a><\/li>                               \n                        <li role=\"presentation\" class=\"\"><a href=\"#anatomica_lefttabs_\" aria-controls=\"anatomica_lefttabs_\" role=\"tab\" data-toggle=\"tab\"><i class=\"iconmed-neurology\"><\/i>Anatomica<\/a><\/li>                               \n                        <li role=\"presentation\" class=\"\"><a href=\"#rinoloji_lefttabs_\" aria-controls=\"rinoloji_lefttabs_\" role=\"tab\" data-toggle=\"tab\"><i class=\"iconmed-rhinology\"><\/i>Rinoloji<\/a><\/li>                               \n                            \n        <\/ul>\n    <\/div>    \n    <div class=\"col-lg-9 col-md-9\">\n        <div class=\"department-list-panel\">\n            <div class=\"tab-content\">\n                        <div role=\"tabpanel\" class=\"tab-pane active \" id=\"otoloji_lefttabs_\">\n               <h1 class=\"department-title\"><i class=\"iconmed-otology\"><\/i>Otoloji<\/h1> \n               <h2>Otoloji - Kulak Hastal\u0131klar\u0131<\/h2>\n<p>pork loin shankle spare ribs ham hock bresaola shoulder short loin flank ribeye sirloin porchetta leberkas alcatra. Pork chop tail bresaola, sausage salami kielbasa tri-tip boudin kevin turkey. Porchetta salami sausage brisket pork chop. Andouille ground round alcatra pancetta, pork brisket pig jerky pastrami frankfurter. Cupim salami chicken rump. Tenderloin tri-tip pork chop ham hock.<\/p>\n<p>Otology burgdoggen tenderloin pastrami, spare ribs filet mignon swine ball tip. Tongue rump meatloaf sausage fatback, prosciutto strip steak cow bacon swine burgdoggen jerky pig short ribs filet mignon. Brisket pancetta porchetta chicken. Corned beef rump porchetta ham leberkas cupim biltong pork belly beef ribs ground round pork chop tri-tip. Picanha alcatra landjaeger shank short ribs pastrami jerky short loin tenderloin doner.<\/p>\n<p>Fatback pork loin boudin tail pig landjaeger rump. Pork chop drumstick cupim, pork belly chicken t-bone kevin short ribs flank swine doner sausage. Strip steak drumstick turducken alcatra picanha pork. Capicola ground round beef, kielbasa andouille porchetta doner hamburger short loin shank sirloin corned beef shoulder leberkas frankfurter. Meatloaf boudin bacon ham venison beef short loin strip steak jowl.<\/p>\n \n            <\/div>                                                                             \n                        <div role=\"tabpanel\" class=\"tab-pane \" id=\"estetik_lefttabs_\">\n               <h1 class=\"department-title\"><i class=\"iconmed-hepatology\"><\/i>Estetik<\/h1> \n               <h2>Estetik<\/h2>\n<p>pork loin shankle spare ribs ham hock bresaola shoulder short loin flank ribeye sirloin porchetta leberkas alcatra. Pork chop tail bresaola, sausage salami kielbasa tri-tip boudin kevin turkey. Porchetta salami sausage brisket pork chop. Andouille ground round alcatra pancetta, pork brisket pig jerky pastrami frankfurter. Cupim salami chicken rump. Tenderloin tri-tip pork chop ham hock.<\/p>\n<p>Landjaeger burgdoggen tenderloin pastrami, spare ribs filet mignon swine ball tip. Tongue rump meatloaf sausage fatback, prosciutto strip steak cow bacon swine burgdoggen jerky pig short ribs filet mignon. Brisket pancetta porchetta chicken. Corned beef rump porchetta ham leberkas cupim biltong pork belly beef ribs ground round pork chop tri-tip. Picanha alcatra landjaeger shank short ribs pastrami jerky short loin tenderloin doner.<\/p>\n<p>Fatback pork loin boudin tail pig landjaeger rump. Pork chop drumstick cupim, pork belly chicken t-bone kevin short ribs flank swine doner sausage. Strip steak drumstick turducken alcatra picanha pork. Capicola ground round beef, kielbasa andouille porchetta doner hamburger short loin shank sirloin corned beef shoulder leberkas frankfurter. Meatloaf boudin bacon ham venison beef short loin strip steak jowl.<\/p>\n \n            <\/div>                                                                             \n                        <div role=\"tabpanel\" class=\"tab-pane \" id=\"bas-ve-boyun-hastaliklari_lefttabs_\">\n               <h1 class=\"department-title\"><i class=\"iconmed-gynecology\"><\/i>Ba\u015f ve Boyun Hastal\u0131klar\u0131<\/h1> \n               <h2>Ba\u015f Boyun Hastal\u0131klar\u0131<\/h2>\n<p>pork loin shankle spare ribs ham hock bresaola shoulder short loin flank ribeye sirloin porchetta leberkas alcatra. Pork chop tail bresaola, sausage salami kielbasa tri-tip boudin kevin turkey. Porchetta salami sausage brisket pork chop. Andouille ground round alcatra pancetta, pork brisket pig jerky pastrami frankfurter. Cupim salami chicken rump. Tenderloin tri-tip pork chop ham hock.<\/p>\n<p>Landjaeger burgdoggen tenderloin pastrami, spare ribs filet mignon swine ball tip. Tongue rump meatloaf sausage fatback, prosciutto strip steak cow bacon swine burgdoggen jerky pig short ribs filet mignon. Brisket pancetta porchetta chicken. Corned beef rump porchetta ham leberkas cupim biltong pork belly beef ribs ground round pork chop tri-tip. Picanha alcatra landjaeger shank short ribs pastrami jerky short loin tenderloin doner.<\/p>\n<p>Fatback pork loin boudin tail pig landjaeger rump. Pork chop drumstick cupim, pork belly chicken t-bone kevin short ribs flank swine doner sausage. Strip steak drumstick turducken alcatra picanha pork. Capicola ground round beef, kielbasa andouille porchetta doner hamburger short loin shank sirloin corned beef shoulder leberkas frankfurter. Meatloaf boudin bacon ham venison beef short loin strip steak jowl.<\/p>\n \n            <\/div>                                                                             \n                        <div role=\"tabpanel\" class=\"tab-pane \" id=\"anatomica_lefttabs_\">\n               <h1 class=\"department-title\"><i class=\"iconmed-neurology\"><\/i>Anatomica<\/h1> \n               <h2>Anatomica - Bo\u011faz Hastal\u0131klar\u0131<\/h2>\n<p>pork loin shankle spare ribs ham hock bresaola shoulder short loin flank ribeye sirloin porchetta leberkas alcatra. Pork chop tail bresaola, sausage salami kielbasa tri-tip boudin kevin turkey. Porchetta salami sausage brisket pork chop. Andouille ground round alcatra pancetta, pork brisket pig jerky pastrami frankfurter. Cupim salami chicken rump. Tenderloin tri-tip pork chop ham hock.<\/p>\n<p>Landjaeger burgdoggen tenderloin pastrami, spare ribs filet mignon swine ball tip. Tongue rump meatloaf sausage fatback, prosciutto strip steak cow bacon swine burgdoggen jerky pig short ribs filet mignon. Brisket pancetta porchetta chicken. Corned beef rump porchetta ham leberkas cupim biltong pork belly beef ribs ground round pork chop tri-tip. Picanha alcatra landjaeger shank short ribs pastrami jerky short loin tenderloin doner.<\/p>\n<p>Fatback pork loin boudin tail pig landjaeger rump. Pork chop drumstick cupim, pork belly chicken t-bone kevin short ribs flank swine doner sausage. Strip steak drumstick turducken alcatra picanha pork. Capicola ground round beef, kielbasa andouille porchetta doner hamburger short loin shank sirloin corned beef shoulder leberkas frankfurter. Meatloaf boudin bacon ham venison beef short loin strip steak jowl.<\/p>\n \n            <\/div>                                                                             \n                        <div role=\"tabpanel\" class=\"tab-pane \" id=\"rinoloji_lefttabs_\">\n               <h1 class=\"department-title\"><i class=\"iconmed-rhinology\"><\/i>Rinoloji<\/h1> \n               <h2>Rinoloji - Burun Hastal\u0131klar\u0131<\/h2>\n<p>pork loin shankle spare ribs ham hock bresaola shoulder short loin flank ribeye sirloin porchetta leberkas alcatra. Pork chop tail bresaola, sausage salami kielbasa tri-tip boudin kevin turkey. Porchetta salami sausage brisket pork chop. Andouille ground round alcatra pancetta, pork brisket pig jerky pastrami frankfurter. Cupim salami chicken rump. Tenderloin tri-tip pork chop ham hock.<\/p>\n<p>Landjaeger burgdoggen tenderloin pastrami, spare ribs filet mignon swine ball tip. Tongue rump meatloaf sausage fatback, prosciutto strip steak cow bacon swine burgdoggen jerky pig short ribs filet mignon. Brisket pancetta porchetta chicken. Corned beef rump porchetta ham leberkas cupim biltong pork belly beef ribs ground round pork chop tri-tip. Picanha alcatra landjaeger shank short ribs pastrami jerky short loin tenderloin doner.<\/p>\n<p>Fatback pork loin boudin tail pig landjaeger rump. Pork chop drumstick cupim, pork belly chicken t-bone kevin short ribs flank swine doner sausage. Strip steak drumstick turducken alcatra picanha pork. Capicola ground round beef, kielbasa andouille porchetta doner hamburger short loin shank sirloin corned beef shoulder leberkas frankfurter. Meatloaf boudin bacon ham venison beef short loin strip steak jowl.<\/p>\n \n            <\/div>                                                                             \n                                     \n            <\/div>    \n        <\/div>\n    <\/div>    \n<\/div>\n<\/div><\/div><\/div><\/div><\/section><section class=\"kc-elm kc-css-792391 kc_row\"><div class=\"kc-row-container  kc-container\"><div class=\"kc-wrap-columns\"><div class=\"kc-elm kc-css-891821 kc_col-sm-12 kc_column kc_col-sm-12\"><div class=\"kc-col-container\"><div class=\"row\"><div class=\"col-md-12\"><h1 class=\"heading-title\">Our Doctors<\/h1><h4 class=\"sub-title mb30\">Specialists<\/h4><\/div><\/div><div class=\"row\">\n                  \n    <div class=\"col-lg-3 col-md-3\">\n        <div class=\"dc-style-box\">\n            <a href=\"https:\/\/www.dryalcinozsoy.com\/doctor\/dr-indhulekha-mari\/\"><img width=\"281\" height=\"336\" src=\"https:\/\/www.dryalcinozsoy.com\/wp-content\/uploads\/2017\/07\/doctor111.jpg\" class=\"img-responsive wp-post-image\" alt=\"\" loading=\"lazy\" srcset=\"https:\/\/www.dryalcinozsoy.com\/wp-content\/uploads\/2017\/07\/doctor111.jpg 281w, https:\/\/www.dryalcinozsoy.com\/wp-content\/uploads\/2017\/07\/doctor111-251x300.jpg 251w\" sizes=\"(max-width: 281px) 100vw, 281px\" \/><\/a><\/a>\n            <div class=\"dc-style-inner\">\n                <ul>\n                    <li><a href=\"#\"><i class=\"fa fa-facebook\"><\/i><\/a><\/li><li><a href=\"#\"><i class=\"fa fa-twitter\"><\/i><\/a><\/li><li><a href=\"#\"><i class=\"fa fa-google-plus\"><\/i><\/a><\/li><li><a href=\"#\"><i class=\"fa fa-linkedin\"><\/i><\/a><\/li>                <\/ul> \n                <h5><a href=\"https:\/\/www.dryalcinozsoy.com\/doctor\/dr-indhulekha-mari\/\">Dr Indhulekha Mari<\/a><\/h5>\n                <span>Ophthalmology<\/span>\n            <\/div>\n        <\/div>\n    <\/div>                                                                          \n                  \n    <div class=\"col-lg-3 col-md-3\">\n        <div class=\"dc-style-box\">\n            <a href=\"https:\/\/www.dryalcinozsoy.com\/doctor\/dr-jonathen-petter\/\"><img width=\"281\" height=\"336\" src=\"https:\/\/www.dryalcinozsoy.com\/wp-content\/uploads\/2017\/07\/doctor111.jpg\" class=\"img-responsive wp-post-image\" alt=\"\" loading=\"lazy\" srcset=\"https:\/\/www.dryalcinozsoy.com\/wp-content\/uploads\/2017\/07\/doctor111.jpg 281w, https:\/\/www.dryalcinozsoy.com\/wp-content\/uploads\/2017\/07\/doctor111-251x300.jpg 251w\" sizes=\"(max-width: 281px) 100vw, 281px\" \/><\/a><\/a>\n            <div class=\"dc-style-inner\">\n                <ul>\n                    <li><a href=\"#\"><i class=\"fa fa-facebook\"><\/i><\/a><\/li><li><a href=\"#\"><i class=\"fa fa-twitter\"><\/i><\/a><\/li><li><a href=\"#\"><i class=\"fa fa-google-plus\"><\/i><\/a><\/li><li><a href=\"#\"><i class=\"fa fa-linkedin\"><\/i><\/a><\/li>                <\/ul> \n                <h5><a href=\"https:\/\/www.dryalcinozsoy.com\/doctor\/dr-jonathen-petter\/\">Dr Jonathen petter<\/a><\/h5>\n                <span>Cardiology<\/span>\n            <\/div>\n        <\/div>\n    <\/div>                                                                          \n                  \n    <div class=\"col-lg-3 col-md-3\">\n        <div class=\"dc-style-box\">\n            <a href=\"https:\/\/www.dryalcinozsoy.com\/doctor\/dr-samuvel-son\/\"><img width=\"281\" height=\"336\" src=\"https:\/\/www.dryalcinozsoy.com\/wp-content\/uploads\/2017\/07\/doctor111.jpg\" class=\"img-responsive wp-post-image\" alt=\"\" loading=\"lazy\" srcset=\"https:\/\/www.dryalcinozsoy.com\/wp-content\/uploads\/2017\/07\/doctor111.jpg 281w, https:\/\/www.dryalcinozsoy.com\/wp-content\/uploads\/2017\/07\/doctor111-251x300.jpg 251w\" sizes=\"(max-width: 281px) 100vw, 281px\" \/><\/a><\/a>\n            <div class=\"dc-style-inner\">\n                <ul>\n                    <li><a href=\"#\"><i class=\"fa fa-facebook\"><\/i><\/a><\/li><li><a href=\"#\"><i class=\"fa fa-twitter\"><\/i><\/a><\/li><li><a href=\"#\"><i class=\"fa fa-google-plus\"><\/i><\/a><\/li><li><a href=\"#\"><i class=\"fa fa-linkedin\"><\/i><\/a><\/li>                <\/ul> \n                <h5><a href=\"https:\/\/www.dryalcinozsoy.com\/doctor\/dr-samuvel-son\/\">Dr Samuvel Son<\/a><\/h5>\n                <span>Hepatology<\/span>\n            <\/div>\n        <\/div>\n    <\/div>                                                                          \n                  \n    <div class=\"col-lg-3 col-md-3\">\n        <div class=\"dc-style-box\">\n            <a href=\"https:\/\/www.dryalcinozsoy.com\/doctor\/dr-rajvi-patel\/\"><img width=\"281\" height=\"336\" src=\"https:\/\/www.dryalcinozsoy.com\/wp-content\/uploads\/2017\/07\/doctor111.jpg\" class=\"img-responsive wp-post-image\" alt=\"\" loading=\"lazy\" srcset=\"https:\/\/www.dryalcinozsoy.com\/wp-content\/uploads\/2017\/07\/doctor111.jpg 281w, https:\/\/www.dryalcinozsoy.com\/wp-content\/uploads\/2017\/07\/doctor111-251x300.jpg 251w\" sizes=\"(max-width: 281px) 100vw, 281px\" \/><\/a><\/a>\n            <div class=\"dc-style-inner\">\n                <ul>\n                    <li><a href=\"#\"><i class=\"fa fa-facebook\"><\/i><\/a><\/li><li><a href=\"#\"><i class=\"fa fa-twitter\"><\/i><\/a><\/li><li><a href=\"#\"><i class=\"fa fa-google-plus\"><\/i><\/a><\/li><li><a href=\"#\"><i class=\"fa fa-linkedin\"><\/i><\/a><\/li>                <\/ul> \n                <h5><a href=\"https:\/\/www.dryalcinozsoy.com\/doctor\/dr-rajvi-patel\/\">Dr Rajvi Patel<\/a><\/h5>\n                <span>Orthopedics<\/span>\n            <\/div>\n        <\/div>\n    <\/div>                                                                          \n    <\/div><div class=\"row\">              \n    <div class=\"col-lg-3 col-md-3\">\n        <div class=\"dc-style-box\">\n            <a href=\"https:\/\/www.dryalcinozsoy.com\/doctor\/dr-joyti-rai\/\"><img width=\"281\" height=\"336\" src=\"https:\/\/www.dryalcinozsoy.com\/wp-content\/uploads\/2017\/07\/doctor111.jpg\" class=\"img-responsive wp-post-image\" alt=\"\" loading=\"lazy\" srcset=\"https:\/\/www.dryalcinozsoy.com\/wp-content\/uploads\/2017\/07\/doctor111.jpg 281w, https:\/\/www.dryalcinozsoy.com\/wp-content\/uploads\/2017\/07\/doctor111-251x300.jpg 251w\" sizes=\"(max-width: 281px) 100vw, 281px\" \/><\/a><\/a>\n            <div class=\"dc-style-inner\">\n                <ul>\n                    <li><a href=\"#\"><i class=\"fa fa-facebook\"><\/i><\/a><\/li><li><a href=\"#\"><i class=\"fa fa-twitter\"><\/i><\/a><\/li><li><a href=\"#\"><i class=\"fa fa-google-plus\"><\/i><\/a><\/li><li><a href=\"#\"><i class=\"fa fa-linkedin\"><\/i><\/a><\/li>                <\/ul> \n                <h5><a href=\"https:\/\/www.dryalcinozsoy.com\/doctor\/dr-joyti-rai\/\">Dr Joyti Rai<\/a><\/h5>\n                <span>Cardiology<\/span>\n            <\/div>\n        <\/div>\n    <\/div>                                                                          \n                  \n    <div class=\"col-lg-3 col-md-3\">\n        <div class=\"dc-style-box\">\n            <a href=\"https:\/\/www.dryalcinozsoy.com\/en\/doctor\/dr-bechy-woods\/\"><img width=\"281\" height=\"336\" src=\"https:\/\/www.dryalcinozsoy.com\/wp-content\/uploads\/2017\/07\/doctor111.jpg\" class=\"img-responsive wp-post-image\" alt=\"\" loading=\"lazy\" srcset=\"https:\/\/www.dryalcinozsoy.com\/wp-content\/uploads\/2017\/07\/doctor111.jpg 281w, https:\/\/www.dryalcinozsoy.com\/wp-content\/uploads\/2017\/07\/doctor111-251x300.jpg 251w\" sizes=\"(max-width: 281px) 100vw, 281px\" \/><\/a><\/a>\n            <div class=\"dc-style-inner\">\n                <ul>\n                    <li><a href=\"#\"><i class=\"fa fa-facebook\"><\/i><\/a><\/li><li><a href=\"#\"><i class=\"fa fa-twitter\"><\/i><\/a><\/li><li><a href=\"#\"><i class=\"fa fa-google-plus\"><\/i><\/a><\/li><li><a href=\"#\"><i class=\"fa fa-linkedin\"><\/i><\/a><\/li>                <\/ul> \n                <h5><a href=\"https:\/\/www.dryalcinozsoy.com\/en\/doctor\/dr-bechy-woods\/\">Dr Bechy Woods<\/a><\/h5>\n                <span>Orthopedics<\/span>\n            <\/div>\n        <\/div>\n    <\/div>                                                                          \n                  \n    <div class=\"col-lg-3 col-md-3\">\n        <div class=\"dc-style-box\">\n            <a href=\"https:\/\/www.dryalcinozsoy.com\/doctor\/dr-pontoliya-dolis\/\"><img width=\"281\" height=\"336\" src=\"https:\/\/www.dryalcinozsoy.com\/wp-content\/uploads\/2017\/07\/doctor111.jpg\" class=\"img-responsive wp-post-image\" alt=\"\" loading=\"lazy\" srcset=\"https:\/\/www.dryalcinozsoy.com\/wp-content\/uploads\/2017\/07\/doctor111.jpg 281w, https:\/\/www.dryalcinozsoy.com\/wp-content\/uploads\/2017\/07\/doctor111-251x300.jpg 251w\" sizes=\"(max-width: 281px) 100vw, 281px\" \/><\/a><\/a>\n            <div class=\"dc-style-inner\">\n                <ul>\n                    <li><a href=\"#\"><i class=\"fa fa-facebook\"><\/i><\/a><\/li><li><a href=\"#\"><i class=\"fa fa-twitter\"><\/i><\/a><\/li><li><a href=\"#\"><i class=\"fa fa-google-plus\"><\/i><\/a><\/li><li><a href=\"#\"><i class=\"fa fa-linkedin\"><\/i><\/a><\/li>                <\/ul> \n                <h5><a href=\"https:\/\/www.dryalcinozsoy.com\/doctor\/dr-pontoliya-dolis\/\">Dr Pontoliya Dolis<\/a><\/h5>\n                <span>Orthopedics<\/span>\n            <\/div>\n        <\/div>\n    <\/div>                                                                          \n                  \n    <div class=\"col-lg-3 col-md-3\">\n        <div class=\"dc-style-box\">\n            <a href=\"https:\/\/www.dryalcinozsoy.com\/doctor\/dr-mariya-woods\/\"><img width=\"281\" height=\"336\" src=\"https:\/\/www.dryalcinozsoy.com\/wp-content\/uploads\/2017\/07\/doctor111.jpg\" class=\"img-responsive wp-post-image\" alt=\"\" loading=\"lazy\" srcset=\"https:\/\/www.dryalcinozsoy.com\/wp-content\/uploads\/2017\/07\/doctor111.jpg 281w, https:\/\/www.dryalcinozsoy.com\/wp-content\/uploads\/2017\/07\/doctor111-251x300.jpg 251w\" sizes=\"(max-width: 281px) 100vw, 281px\" \/><\/a><\/a>\n            <div class=\"dc-style-inner\">\n                <ul>\n                    <li><a href=\"#\"><i class=\"fa fa-facebook\"><\/i><\/a><\/li><li><a href=\"#\"><i class=\"fa fa-twitter\"><\/i><\/a><\/li><li><a href=\"#\"><i class=\"fa fa-google-plus\"><\/i><\/a><\/li><li><a href=\"#\"><i class=\"fa fa-linkedin\"><\/i><\/a><\/li>                <\/ul> \n                <h5><a href=\"https:\/\/www.dryalcinozsoy.com\/doctor\/dr-mariya-woods\/\">Dr Mariya Woods<\/a><\/h5>\n                <span>Ophthalmology<\/span>\n            <\/div>\n        <\/div>\n    <\/div>                                                                          \n                          \n<\/div>\n<div class=\"text-center\"><a href=\"https:\/\/thegenius.co\/mediline-wp\/demo\/doctors\/\" title=\"caption\"  class=\"btn btn-default mb20 \"  >Full doctors<\/a><\/div><\/div><\/div><\/div><\/div><\/section><section class=\"kc-elm kc-css-763104 kc_row\"><div class=\"kc-row-container  kc-container\"><div class=\"kc-wrap-columns\"><div class=\"kc-elm kc-css-582840 kc_col-sm-12 kc_column kc_col-sm-12\"><div class=\"kc-col-container\"><div class=\"cta-white ptb70\" style=\"background:\" >\r\n    <div class=\"row\">\r\n        <div class=\"col-md-12 text-center\">\r\n                   \r\n            <h1 class=\"mb5\">Make your appointment now<\/h1>            <p class=\"mb30\">Lorem Ipsum which looks reasonable generated Ipsum is therefore always.<\/p>                \r\n            <a href=\"https:\/\/thegenius.co\/mediline-wp\/demo\/appointment\/\" title=\"caption\"  class=\"btn btn-default\">Book appoinment<\/a> \r\n        <\/div>\r\n    <\/div>\r\n<\/div>   \r\n<\/div><\/div><\/div><\/div><\/section><\/p>\n","protected":false},"excerpt":{"rendered":"","protected":false},"author":1,"featured_media":0,"parent":0,"menu_order":0,"comment_status":"closed","ping_status":"closed","template":"","meta":[],"_links":{"self":[{"href":"https:\/\/www.dryalcinozsoy.com\/en\/wp-json\/wp\/v2\/pages\/675"}],"collection":[{"href":"https:\/\/www.dryalcinozsoy.com\/en\/wp-json\/wp\/v2\/pages"}],"about":[{"href":"https:\/\/www.dryalcinozsoy.com\/en\/wp-json\/wp\/v2\/types\/page"}],"author":[{"embeddable":true,"href":"https:\/\/www.dryalcinozsoy.com\/en\/wp-json\/wp\/v2\/users\/1"}],"replies":[{"embeddable":true,"href":"https:\/\/www.dryalcinozsoy.com\/en\/wp-json\/wp\/v2\/comments?post=675"}],"version-history":[{"count":4,"href":"https:\/\/www.dryalcinozsoy.com\/en\/wp-json\/wp\/v2\/pages\/675\/revisions"}],"predecessor-version":[{"id":679,"href":"https:\/\/www.dryalcinozsoy.com\/en\/wp-json\/wp\/v2\/pages\/675\/revisions\/679"}],"wp:attachment":[{"href":"https:\/\/www.dryalcinozsoy.com\/en\/wp-json\/wp\/v2\/media?parent=675"}],"curies":[{"name":"wp","href":"https:\/\/api.w.org\/{rel}","templated":true}]}}